{"id":24,"date":"2025-06-05T08:50:40","date_gmt":"2025-06-05T06:50:40","guid":{"rendered":"https:\/\/ortodontapoznan.net\/?page_id=24"},"modified":"2025-06-17T09:13:45","modified_gmt":"2025-06-17T07:13:45","slug":"diagnostyka-ortodontyczna","status":"publish","type":"page","link":"https:\/\/ortodontapoznan.net\/index.php\/uslugi\/diagnostyka-ortodontyczna\/","title":{"rendered":"Diagnostyka ortodontyczna"},"content":{"rendered":"\n<p><strong>Precyzyjna diagnoza to podstawa skutecznego leczenia.<\/strong><\/p>\n\n\n\n<p><a href=\"https:\/\/www.stankowscybialach.pl\/\">W naszej klinice<\/a> stawiamy na nowoczesne technologie diagnostyczne, kt\u00f3re umo\u017cliwiaj\u0105 szczeg\u00f3\u0142owe poznanie potrzeb pacjenta i dok\u0142adne zaplanowanie ka\u017cdego etapu terapii ortodontycznej. Dzi\u0119ki temu leczenie jest nie tylko skuteczniejsze, ale r\u00f3wnie\u017c bardziej komfortowe i przewidywalne.<\/p>\n\n\n\n<h3 class=\"wp-block-heading\"><strong>Co oferujemy w ramach <a href=\"https:\/\/www.stankowscybialach.pl\/uslugi\/ortodoncja\/\">diagnostyki ortodontycznej<\/a>?<\/strong><\/h3>\n\n\n\n<p>\u2705 <strong>Cyfrowe zdj\u0119cia pantomograficzne i cefalometryczne<\/strong><\/p>\n\n\n\n<p>Pozwalaj\u0105 na ocen\u0119 uk\u0142adu kostnego, z\u0119b\u00f3w i staw\u00f3w skroniowo-\u017cuchwowych. To podstawowe badania obrazowe, kt\u00f3re pomagaj\u0105 w postawieniu trafnej diagnozy i dobraniu odpowiedniej metody leczenia.<\/p>\n\n\n\n<p>\u2705 <strong>Skanery 3D \u2013 bez konieczno\u015bci tradycyjnych wycisk\u00f3w<\/strong><\/p>\n\n\n\n<p>Cyfrowy skan jamy ustnej zast\u0119puje niekomfortowe masy wyciskowe. Dzi\u0119ki temu ca\u0142y proces jest szybki, precyzyjny i wygodny dla pacjenta. Uzyskany model 3D z\u0119b\u00f3w jest podstaw\u0105 do analizy i planowania leczenia.<\/p>\n\n\n\n<p>\u2705 <strong>Analizatory zgryzu i symulacje efekt\u00f3w leczenia<\/strong><\/p>\n\n\n\n<p>Zaawansowane oprogramowanie umo\u017cliwia cyfrow\u0105 analiz\u0119 zgryzu oraz tworzenie realistycznych symulacji ko\u0144cowego efektu leczenia. Pacjent mo\u017ce zobaczy\u0107, jak b\u0119dzie wygl\u0105da\u0142 jego u\u015bmiech jeszcze przed za\u0142o\u017ceniem aparatu.<\/p>\n\n\n\n<hr class=\"wp-block-separator has-alpha-channel-opacity\"\/>\n\n\n\n<p><strong>Nowoczesna diagnostyka to wi\u0119ksza pewno\u015b\u0107 i lepsze rezultaty.<\/strong><\/p>\n\n\n\n<p>Zaufaj do\u015bwiadczeniu i technologii \u2013 rozpocznij swoj\u0105 drog\u0119 do idealnego u\u015bmiechu z nami!<\/p>\n","protected":false},"excerpt":{"rendered":"<p>Precyzyjna diagnoza to podstawa skutecznego leczenia. W naszej klinice stawiamy na nowoczesne technologie diagnostyczne, kt\u00f3re umo\u017cliwiaj\u0105 szczeg\u00f3\u0142owe poznanie potrzeb pacjenta i dok\u0142adne zaplanowanie ka\u017cdego etapu terapii ortodontycznej. Dzi\u0119ki temu leczenie jest nie tylko skuteczniejsze, ale r\u00f3wnie\u017c bardziej komfortowe i przewidywalne. Co oferujemy w ramach diagnostyki ortodontycznej? \u2705 Cyfrowe zdj\u0119cia pantomograficzne i cefalometryczne Pozwalaj\u0105 na ocen\u0119 &#8230; <a title=\"Diagnostyka ortodontyczna\" class=\"read-more\" href=\"https:\/\/ortodontapoznan.net\/index.php\/uslugi\/diagnostyka-ortodontyczna\/\" aria-label=\"Dowiedz si\u0119 wi\u0119cej o Diagnostyka ortodontyczna\">Dowiedz si\u0119 wi\u0119cej<\/a><\/p>\n","protected":false},"author":1,"featured_media":0,"parent":14,"menu_order":0,"comment_status":"closed","ping_status":"closed","template":"","meta":{"footnotes":""},"class_list":["post-24","page","type-page","status-publish"],"yoast_head":"<!-- This site is optimized with the Yoast SEO plugin v25.3 - https:\/\/yoast.com\/wordpress\/plugins\/seo\/ -->\n<title>Diagnostyka ortodontyczna - Ortodonta Pozna\u0144<\/title>\n<meta name=\"robots\" content=\"index, follow, max-snippet:-1, max-image-preview:large, max-video-preview:-1\" \/>\n<link rel=\"canonical\" href=\"https:\/\/ortodontapoznan.net\/index.php\/uslugi\/diagnostyka-ortodontyczna\/\" \/>\n<meta property=\"og:locale\" content=\"pl_PL\" \/>\n<meta property=\"og:type\" content=\"article\" \/>\n<meta property=\"og:title\" content=\"Diagnostyka ortodontyczna - Ortodonta Pozna\u0144\" \/>\n<meta property=\"og:description\" content=\"Precyzyjna diagnoza to podstawa skutecznego leczenia. W naszej klinice stawiamy na nowoczesne technologie diagnostyczne, kt\u00f3re umo\u017cliwiaj\u0105 szczeg\u00f3\u0142owe poznanie potrzeb pacjenta i dok\u0142adne zaplanowanie ka\u017cdego etapu terapii ortodontycznej. Dzi\u0119ki temu leczenie jest nie tylko skuteczniejsze, ale r\u00f3wnie\u017c bardziej komfortowe i przewidywalne. Co oferujemy w ramach diagnostyki ortodontycznej? \u2705 Cyfrowe zdj\u0119cia pantomograficzne i cefalometryczne Pozwalaj\u0105 na ocen\u0119 ... Dowiedz si\u0119 wi\u0119cej\" \/>\n<meta property=\"og:url\" content=\"https:\/\/ortodontapoznan.net\/index.php\/uslugi\/diagnostyka-ortodontyczna\/\" \/>\n<meta property=\"og:site_name\" content=\"Ortodonta Pozna\u0144\" \/>\n<meta property=\"article:modified_time\" content=\"2025-06-17T07:13:45+00:00\" \/>\n<meta name=\"twitter:card\" content=\"summary_large_image\" \/>\n<meta name=\"twitter:label1\" content=\"Szacowany czas czytania\" \/>\n\t<meta name=\"twitter:data1\" content=\"1 minuta\" \/>\n<script type=\"application\/ld+json\" class=\"yoast-schema-graph\">{\"@context\":\"https:\/\/schema.org\",\"@graph\":[{\"@type\":\"WebPage\",\"@id\":\"https:\/\/ortodontapoznan.net\/index.php\/uslugi\/diagnostyka-ortodontyczna\/\",\"url\":\"https:\/\/ortodontapoznan.net\/index.php\/uslugi\/diagnostyka-ortodontyczna\/\",\"name\":\"Diagnostyka ortodontyczna - Ortodonta Pozna\u0144\",\"isPartOf\":{\"@id\":\"https:\/\/ortodontapoznan.net\/#website\"},\"datePublished\":\"2025-06-05T06:50:40+00:00\",\"dateModified\":\"2025-06-17T07:13:45+00:00\",\"breadcrumb\":{\"@id\":\"https:\/\/ortodontapoznan.net\/index.php\/uslugi\/diagnostyka-ortodontyczna\/#breadcrumb\"},\"inLanguage\":\"pl-PL\",\"potentialAction\":[{\"@type\":\"ReadAction\",\"target\":[\"https:\/\/ortodontapoznan.net\/index.php\/uslugi\/diagnostyka-ortodontyczna\/\"]}]},{\"@type\":\"BreadcrumbList\",\"@id\":\"https:\/\/ortodontapoznan.net\/index.php\/uslugi\/diagnostyka-ortodontyczna\/#breadcrumb\",\"itemListElement\":[{\"@type\":\"ListItem\",\"position\":1,\"name\":\"Strona g\u0142\u00f3wna\",\"item\":\"https:\/\/ortodontapoznan.net\/\"},{\"@type\":\"ListItem\",\"position\":2,\"name\":\"Us\u0142ugi\",\"item\":\"https:\/\/ortodontapoznan.net\/index.php\/uslugi\/\"},{\"@type\":\"ListItem\",\"position\":3,\"name\":\"Diagnostyka ortodontyczna\"}]},{\"@type\":\"WebSite\",\"@id\":\"https:\/\/ortodontapoznan.net\/#website\",\"url\":\"https:\/\/ortodontapoznan.net\/\",\"name\":\"Ortodonta Pozna\u0144\",\"description\":\"\",\"potentialAction\":[{\"@type\":\"SearchAction\",\"target\":{\"@type\":\"EntryPoint\",\"urlTemplate\":\"https:\/\/ortodontapoznan.net\/?s={search_term_string}\"},\"query-input\":{\"@type\":\"PropertyValueSpecification\",\"valueRequired\":true,\"valueName\":\"search_term_string\"}}],\"inLanguage\":\"pl-PL\"}]}<\/script>\n<!-- \/ Yoast SEO plugin. -->","yoast_head_json":{"title":"Diagnostyka ortodontyczna - Ortodonta Pozna\u0144","robots":{"index":"index","follow":"follow","max-snippet":"max-snippet:-1","max-image-preview":"max-image-preview:large","max-video-preview":"max-video-preview:-1"},"canonical":"https:\/\/ortodontapoznan.net\/index.php\/uslugi\/diagnostyka-ortodontyczna\/","og_locale":"pl_PL","og_type":"article","og_title":"Diagnostyka ortodontyczna - Ortodonta Pozna\u0144","og_description":"Precyzyjna diagnoza to podstawa skutecznego leczenia. W naszej klinice stawiamy na nowoczesne technologie diagnostyczne, kt\u00f3re umo\u017cliwiaj\u0105 szczeg\u00f3\u0142owe poznanie potrzeb pacjenta i dok\u0142adne zaplanowanie ka\u017cdego etapu terapii ortodontycznej. Dzi\u0119ki temu leczenie jest nie tylko skuteczniejsze, ale r\u00f3wnie\u017c bardziej komfortowe i przewidywalne. Co oferujemy w ramach diagnostyki ortodontycznej? \u2705 Cyfrowe zdj\u0119cia pantomograficzne i cefalometryczne Pozwalaj\u0105 na ocen\u0119 ... Dowiedz si\u0119 wi\u0119cej","og_url":"https:\/\/ortodontapoznan.net\/index.php\/uslugi\/diagnostyka-ortodontyczna\/","og_site_name":"Ortodonta Pozna\u0144","article_modified_time":"2025-06-17T07:13:45+00:00","twitter_card":"summary_large_image","twitter_misc":{"Szacowany czas czytania":"1 minuta"},"schema":{"@context":"https:\/\/schema.org","@graph":[{"@type":"WebPage","@id":"https:\/\/ortodontapoznan.net\/index.php\/uslugi\/diagnostyka-ortodontyczna\/","url":"https:\/\/ortodontapoznan.net\/index.php\/uslugi\/diagnostyka-ortodontyczna\/","name":"Diagnostyka ortodontyczna - Ortodonta Pozna\u0144","isPartOf":{"@id":"https:\/\/ortodontapoznan.net\/#website"},"datePublished":"2025-06-05T06:50:40+00:00","dateModified":"2025-06-17T07:13:45+00:00","breadcrumb":{"@id":"https:\/\/ortodontapoznan.net\/index.php\/uslugi\/diagnostyka-ortodontyczna\/#breadcrumb"},"inLanguage":"pl-PL","potentialAction":[{"@type":"ReadAction","target":["https:\/\/ortodontapoznan.net\/index.php\/uslugi\/diagnostyka-ortodontyczna\/"]}]},{"@type":"BreadcrumbList","@id":"https:\/\/ortodontapoznan.net\/index.php\/uslugi\/diagnostyka-ortodontyczna\/#breadcrumb","itemListElement":[{"@type":"ListItem","position":1,"name":"Strona g\u0142\u00f3wna","item":"https:\/\/ortodontapoznan.net\/"},{"@type":"ListItem","position":2,"name":"Us\u0142ugi","item":"https:\/\/ortodontapoznan.net\/index.php\/uslugi\/"},{"@type":"ListItem","position":3,"name":"Diagnostyka ortodontyczna"}]},{"@type":"WebSite","@id":"https:\/\/ortodontapoznan.net\/#website","url":"https:\/\/ortodontapoznan.net\/","name":"Ortodonta Pozna\u0144","description":"","potentialAction":[{"@type":"SearchAction","target":{"@type":"EntryPoint","urlTemplate":"https:\/\/ortodontapoznan.net\/?s={search_term_string}"},"query-input":{"@type":"PropertyValueSpecification","valueRequired":true,"valueName":"search_term_string"}}],"inLanguage":"pl-PL"}]}},"_links":{"self":[{"href":"https:\/\/ortodontapoznan.net\/index.php\/wp-json\/wp\/v2\/pages\/24","targetHints":{"allow":["GET"]}}],"collection":[{"href":"https:\/\/ortodontapoznan.net\/index.php\/wp-json\/wp\/v2\/pages"}],"about":[{"href":"https:\/\/ortodontapoznan.net\/index.php\/wp-json\/wp\/v2\/types\/page"}],"author":[{"embeddable":true,"href":"https:\/\/ortodontapoznan.net\/index.php\/wp-json\/wp\/v2\/users\/1"}],"replies":[{"embeddable":true,"href":"https:\/\/ortodontapoznan.net\/index.php\/wp-json\/wp\/v2\/comments?post=24"}],"version-history":[{"count":2,"href":"https:\/\/ortodontapoznan.net\/index.php\/wp-json\/wp\/v2\/pages\/24\/revisions"}],"predecessor-version":[{"id":112,"href":"https:\/\/ortodontapoznan.net\/index.php\/wp-json\/wp\/v2\/pages\/24\/revisions\/112"}],"up":[{"embeddable":true,"href":"https:\/\/ortodontapoznan.net\/index.php\/wp-json\/wp\/v2\/pages\/14"}],"wp:attachment":[{"href":"https:\/\/ortodontapoznan.net\/index.php\/wp-json\/wp\/v2\/media?parent=24"}],"curies":[{"name":"wp","href":"https:\/\/api.w.org\/{rel}","templated":true}]}}