{"id":16,"date":"2025-06-05T08:45:02","date_gmt":"2025-06-05T06:45:02","guid":{"rendered":"https:\/\/ortodontapoznan.net\/?page_id=16"},"modified":"2025-06-17T09:17:07","modified_gmt":"2025-06-17T07:17:07","slug":"ortodoncja-dziecieca","status":"publish","type":"page","link":"https:\/\/ortodontapoznan.net\/index.php\/uslugi\/ortodoncja-dziecieca\/","title":{"rendered":"Ortodoncja dzieci\u0119ca"},"content":{"rendered":"\n<h2 class=\"wp-block-heading\"><strong>Ortodoncja dzieci\u0119ca \u2013 zdrowy u\u015bmiech od najm\u0142odszych lat<\/strong><\/h2>\n\n\n\n<p><a href=\"https:\/\/www.stankowscybialach.pl\/\">W naszym gabinecie w Poznaniu <\/a>dbamy o to, aby ka\u017cde dziecko mog\u0142o cieszy\u0107 si\u0119 zdrowym i prostym u\u015bmiechem. Wczesna diagnostyka i leczenie ortodontyczne to nie tylko inwestycja w estetyk\u0119, ale przede wszystkim w prawid\u0142owy rozw\u00f3j zgryzu i funkcji jamy ustnej.<\/p>\n\n\n\n<hr class=\"wp-block-separator has-alpha-channel-opacity\"\/>\n\n\n\n<h3 class=\"wp-block-heading\"><strong>Kiedy zg\u0142osi\u0107 si\u0119 do <a href=\"https:\/\/www.stankowscybialach.pl\/zespol-ekspertow\/robert-bialach\/\">ortodonty<\/a>?<\/strong><\/h3>\n\n\n\n<p>Pierwsza wizyta ortodontyczna powinna odby\u0107 si\u0119 oko\u0142o 6.\u20137. roku \u017cycia \u2013 to czas, kiedy pojawiaj\u0105 si\u0119 pierwsze z\u0119by sta\u0142e, a nieprawid\u0142owo\u015bci w zgryzie zaczynaj\u0105 by\u0107 widoczne. Im wcze\u015bniej wykryjemy problem, tym wi\u0119ksza szansa na skuteczne i mniej inwazyjne leczenie.<\/p>\n\n\n\n<hr class=\"wp-block-separator has-alpha-channel-opacity\"\/>\n\n\n\n<h3 class=\"wp-block-heading\"><strong>Najcz\u0119stsze wskazania do leczenia u dzieci:<\/strong><\/h3>\n\n\n\n<ul class=\"wp-block-list\">\n<li>zgrzytanie z\u0119bami, oddychanie przez usta<\/li>\n\n\n\n<li>nieprawid\u0142owe ustawienie z\u0119b\u00f3w mlecznych i sta\u0142ych<\/li>\n\n\n\n<li>st\u0142oczenia i zbyt w\u0105skie \u0142uki z\u0119bowe<\/li>\n\n\n\n<li>nawyki (ssanie kciuka, obgryzanie paznokci)<\/li>\n\n\n\n<li>asymetrie twarzy i szcz\u0119k<\/li>\n\n\n\n<li>wady wymowy zwi\u0105zane z ustawieniem z\u0119b\u00f3w<\/li>\n<\/ul>\n\n\n\n<hr class=\"wp-block-separator has-alpha-channel-opacity\"\/>\n\n\n\n<h3 class=\"wp-block-heading\"><strong>Jak wygl\u0105da leczenie ortodontyczne u dzieci?<\/strong><\/h3>\n\n\n\n<h4 class=\"wp-block-heading\"><strong>\ud83e\ude7a&nbsp;<\/strong><\/h4>\n\n\n\n<h4 class=\"wp-block-heading\"><strong>1. Konsultacja i diagnostyka<\/strong><\/h4>\n\n\n\n<p>Podczas pierwszej wizyty przeprowadzamy dok\u0142adne badanie, wykonujemy zdj\u0119cia oraz cyfrowy skan jamy ustnej. Omawiamy z rodzicami ewentualne nieprawid\u0142owo\u015bci i przedstawiamy plan leczenia.<\/p>\n\n\n\n<h4 class=\"wp-block-heading\"><strong>\ud83e\uddd2&nbsp;<\/strong><\/h4>\n\n\n\n<h4 class=\"wp-block-heading\"><strong>2. Aparaty ruchome (zdejmowane)<\/strong><\/h4>\n\n\n\n<p>To najcz\u0119stsze rozwi\u0105zanie u m\u0142odszych dzieci. Kolorowe, \u0142atwe w u\u017cytkowaniu aparaty pomagaj\u0105 korygowa\u0107 rozw\u00f3j szcz\u0119k i kierunek wyrzynania si\u0119 z\u0119b\u00f3w sta\u0142ych.<\/p>\n\n\n\n<h4 class=\"wp-block-heading\"><strong>\ud83d\udd29&nbsp;<\/strong><\/h4>\n\n\n\n<h4 class=\"wp-block-heading\"><strong>3. <a href=\"https:\/\/www.stankowscybialach.pl\/uslugi\/aparat-ortodontyczny\/\">Aparaty sta\u0142e<\/a><\/strong><\/h4>\n\n\n\n<p>W przypadku starszych dzieci, z cz\u0119\u015bciowo lub ca\u0142kowicie wyr\u017cni\u0119tymi z\u0119bami sta\u0142ymi, stosujemy delikatne aparaty sta\u0142e, kt\u00f3re precyzyjnie koryguj\u0105 ustawienie z\u0119b\u00f3w.<\/p>\n\n\n\n<hr class=\"wp-block-separator has-alpha-channel-opacity\"\/>\n\n\n\n<h3 class=\"wp-block-heading\"><strong>Dlaczego warto rozpocz\u0105\u0107 leczenie wcze\u015bnie?<\/strong><\/h3>\n\n\n\n<p>\u2705 Leczenie jest kr\u00f3tsze i mniej skomplikowane<\/p>\n\n\n\n<p>\u2705 Zmniejsza si\u0119 ryzyko konieczno\u015bci ekstrakcji z\u0119b\u00f3w sta\u0142ych<\/p>\n\n\n\n<p>\u2705 Mo\u017cna unikn\u0105\u0107 powa\u017cnych wad zgryzu w wieku doros\u0142ym<\/p>\n\n\n\n<p>\u2705 Poprawia si\u0119 funkcja \u017cucia, wymowa i estetyka twarzy<\/p>\n\n\n\n<p>\u2705 Dziecko zyskuje pewno\u015b\u0107 siebie i zdrowy u\u015bmiech<\/p>\n\n\n\n<hr class=\"wp-block-separator has-alpha-channel-opacity\"\/>\n\n\n\n<h3 class=\"wp-block-heading\"><strong>Przyjazna atmosfera i bezstresowe wizyty<\/strong><\/h3>\n\n\n\n<p>Wiemy, \u017ce dla dziecka wizyta u ortodonty mo\u017ce by\u0107 nowym do\u015bwiadczeniem. Dlatego stawiamy na ciep\u0142\u0105, przyjazn\u0105 atmosfer\u0119 i indywidualne podej\u015bcie. T\u0142umaczymy wszystko krok po kroku \u2013 w spos\u00f3b zrozumia\u0142y dla ma\u0142ego pacjenta i rodzica.<\/p>\n","protected":false},"excerpt":{"rendered":"<p>Ortodoncja dzieci\u0119ca \u2013 zdrowy u\u015bmiech od najm\u0142odszych lat W naszym gabinecie w Poznaniu dbamy o to, aby ka\u017cde dziecko mog\u0142o cieszy\u0107 si\u0119 zdrowym i prostym u\u015bmiechem. Wczesna diagnostyka i leczenie ortodontyczne to nie tylko inwestycja w estetyk\u0119, ale przede wszystkim w prawid\u0142owy rozw\u00f3j zgryzu i funkcji jamy ustnej. Kiedy zg\u0142osi\u0107 si\u0119 do ortodonty? Pierwsza wizyta &#8230; <a title=\"Ortodoncja dzieci\u0119ca\" class=\"read-more\" href=\"https:\/\/ortodontapoznan.net\/index.php\/uslugi\/ortodoncja-dziecieca\/\" aria-label=\"Dowiedz si\u0119 wi\u0119cej o Ortodoncja dzieci\u0119ca\">Dowiedz si\u0119 wi\u0119cej<\/a><\/p>\n","protected":false},"author":1,"featured_media":0,"parent":14,"menu_order":0,"comment_status":"closed","ping_status":"closed","template":"","meta":{"footnotes":""},"class_list":["post-16","page","type-page","status-publish"],"yoast_head":"<!-- This site is optimized with the Yoast SEO plugin v25.3 - https:\/\/yoast.com\/wordpress\/plugins\/seo\/ -->\n<title>Ortodoncja dzieci\u0119ca - Ortodonta Pozna\u0144<\/title>\n<meta name=\"robots\" content=\"index, follow, max-snippet:-1, max-image-preview:large, max-video-preview:-1\" \/>\n<link rel=\"canonical\" href=\"https:\/\/ortodontapoznan.net\/index.php\/uslugi\/ortodoncja-dziecieca\/\" \/>\n<meta property=\"og:locale\" content=\"pl_PL\" \/>\n<meta property=\"og:type\" content=\"article\" \/>\n<meta property=\"og:title\" content=\"Ortodoncja dzieci\u0119ca - Ortodonta Pozna\u0144\" \/>\n<meta property=\"og:description\" content=\"Ortodoncja dzieci\u0119ca \u2013 zdrowy u\u015bmiech od najm\u0142odszych lat W naszym gabinecie w Poznaniu dbamy o to, aby ka\u017cde dziecko mog\u0142o cieszy\u0107 si\u0119 zdrowym i prostym u\u015bmiechem. Wczesna diagnostyka i leczenie ortodontyczne to nie tylko inwestycja w estetyk\u0119, ale przede wszystkim w prawid\u0142owy rozw\u00f3j zgryzu i funkcji jamy ustnej. Kiedy zg\u0142osi\u0107 si\u0119 do ortodonty? Pierwsza wizyta ... Dowiedz si\u0119 wi\u0119cej\" \/>\n<meta property=\"og:url\" content=\"https:\/\/ortodontapoznan.net\/index.php\/uslugi\/ortodoncja-dziecieca\/\" \/>\n<meta property=\"og:site_name\" content=\"Ortodonta Pozna\u0144\" \/>\n<meta property=\"article:modified_time\" content=\"2025-06-17T07:17:07+00:00\" \/>\n<meta name=\"twitter:card\" content=\"summary_large_image\" \/>\n<meta name=\"twitter:label1\" content=\"Szacowany czas czytania\" \/>\n\t<meta name=\"twitter:data1\" content=\"2 minuty\" \/>\n<script type=\"application\/ld+json\" class=\"yoast-schema-graph\">{\"@context\":\"https:\/\/schema.org\",\"@graph\":[{\"@type\":\"WebPage\",\"@id\":\"https:\/\/ortodontapoznan.net\/index.php\/uslugi\/ortodoncja-dziecieca\/\",\"url\":\"https:\/\/ortodontapoznan.net\/index.php\/uslugi\/ortodoncja-dziecieca\/\",\"name\":\"Ortodoncja dzieci\u0119ca - Ortodonta Pozna\u0144\",\"isPartOf\":{\"@id\":\"https:\/\/ortodontapoznan.net\/#website\"},\"datePublished\":\"2025-06-05T06:45:02+00:00\",\"dateModified\":\"2025-06-17T07:17:07+00:00\",\"breadcrumb\":{\"@id\":\"https:\/\/ortodontapoznan.net\/index.php\/uslugi\/ortodoncja-dziecieca\/#breadcrumb\"},\"inLanguage\":\"pl-PL\",\"potentialAction\":[{\"@type\":\"ReadAction\",\"target\":[\"https:\/\/ortodontapoznan.net\/index.php\/uslugi\/ortodoncja-dziecieca\/\"]}]},{\"@type\":\"BreadcrumbList\",\"@id\":\"https:\/\/ortodontapoznan.net\/index.php\/uslugi\/ortodoncja-dziecieca\/#breadcrumb\",\"itemListElement\":[{\"@type\":\"ListItem\",\"position\":1,\"name\":\"Strona g\u0142\u00f3wna\",\"item\":\"https:\/\/ortodontapoznan.net\/\"},{\"@type\":\"ListItem\",\"position\":2,\"name\":\"Us\u0142ugi\",\"item\":\"https:\/\/ortodontapoznan.net\/index.php\/uslugi\/\"},{\"@type\":\"ListItem\",\"position\":3,\"name\":\"Ortodoncja dzieci\u0119ca\"}]},{\"@type\":\"WebSite\",\"@id\":\"https:\/\/ortodontapoznan.net\/#website\",\"url\":\"https:\/\/ortodontapoznan.net\/\",\"name\":\"Ortodonta Pozna\u0144\",\"description\":\"\",\"potentialAction\":[{\"@type\":\"SearchAction\",\"target\":{\"@type\":\"EntryPoint\",\"urlTemplate\":\"https:\/\/ortodontapoznan.net\/?s={search_term_string}\"},\"query-input\":{\"@type\":\"PropertyValueSpecification\",\"valueRequired\":true,\"valueName\":\"search_term_string\"}}],\"inLanguage\":\"pl-PL\"}]}<\/script>\n<!-- \/ Yoast SEO plugin. -->","yoast_head_json":{"title":"Ortodoncja dzieci\u0119ca - Ortodonta Pozna\u0144","robots":{"index":"index","follow":"follow","max-snippet":"max-snippet:-1","max-image-preview":"max-image-preview:large","max-video-preview":"max-video-preview:-1"},"canonical":"https:\/\/ortodontapoznan.net\/index.php\/uslugi\/ortodoncja-dziecieca\/","og_locale":"pl_PL","og_type":"article","og_title":"Ortodoncja dzieci\u0119ca - Ortodonta Pozna\u0144","og_description":"Ortodoncja dzieci\u0119ca \u2013 zdrowy u\u015bmiech od najm\u0142odszych lat W naszym gabinecie w Poznaniu dbamy o to, aby ka\u017cde dziecko mog\u0142o cieszy\u0107 si\u0119 zdrowym i prostym u\u015bmiechem. Wczesna diagnostyka i leczenie ortodontyczne to nie tylko inwestycja w estetyk\u0119, ale przede wszystkim w prawid\u0142owy rozw\u00f3j zgryzu i funkcji jamy ustnej. Kiedy zg\u0142osi\u0107 si\u0119 do ortodonty? Pierwsza wizyta ... Dowiedz si\u0119 wi\u0119cej","og_url":"https:\/\/ortodontapoznan.net\/index.php\/uslugi\/ortodoncja-dziecieca\/","og_site_name":"Ortodonta Pozna\u0144","article_modified_time":"2025-06-17T07:17:07+00:00","twitter_card":"summary_large_image","twitter_misc":{"Szacowany czas czytania":"2 minuty"},"schema":{"@context":"https:\/\/schema.org","@graph":[{"@type":"WebPage","@id":"https:\/\/ortodontapoznan.net\/index.php\/uslugi\/ortodoncja-dziecieca\/","url":"https:\/\/ortodontapoznan.net\/index.php\/uslugi\/ortodoncja-dziecieca\/","name":"Ortodoncja dzieci\u0119ca - Ortodonta Pozna\u0144","isPartOf":{"@id":"https:\/\/ortodontapoznan.net\/#website"},"datePublished":"2025-06-05T06:45:02+00:00","dateModified":"2025-06-17T07:17:07+00:00","breadcrumb":{"@id":"https:\/\/ortodontapoznan.net\/index.php\/uslugi\/ortodoncja-dziecieca\/#breadcrumb"},"inLanguage":"pl-PL","potentialAction":[{"@type":"ReadAction","target":["https:\/\/ortodontapoznan.net\/index.php\/uslugi\/ortodoncja-dziecieca\/"]}]},{"@type":"BreadcrumbList","@id":"https:\/\/ortodontapoznan.net\/index.php\/uslugi\/ortodoncja-dziecieca\/#breadcrumb","itemListElement":[{"@type":"ListItem","position":1,"name":"Strona g\u0142\u00f3wna","item":"https:\/\/ortodontapoznan.net\/"},{"@type":"ListItem","position":2,"name":"Us\u0142ugi","item":"https:\/\/ortodontapoznan.net\/index.php\/uslugi\/"},{"@type":"ListItem","position":3,"name":"Ortodoncja dzieci\u0119ca"}]},{"@type":"WebSite","@id":"https:\/\/ortodontapoznan.net\/#website","url":"https:\/\/ortodontapoznan.net\/","name":"Ortodonta Pozna\u0144","description":"","potentialAction":[{"@type":"SearchAction","target":{"@type":"EntryPoint","urlTemplate":"https:\/\/ortodontapoznan.net\/?s={search_term_string}"},"query-input":{"@type":"PropertyValueSpecification","valueRequired":true,"valueName":"search_term_string"}}],"inLanguage":"pl-PL"}]}},"_links":{"self":[{"href":"https:\/\/ortodontapoznan.net\/index.php\/wp-json\/wp\/v2\/pages\/16","targetHints":{"allow":["GET"]}}],"collection":[{"href":"https:\/\/ortodontapoznan.net\/index.php\/wp-json\/wp\/v2\/pages"}],"about":[{"href":"https:\/\/ortodontapoznan.net\/index.php\/wp-json\/wp\/v2\/types\/page"}],"author":[{"embeddable":true,"href":"https:\/\/ortodontapoznan.net\/index.php\/wp-json\/wp\/v2\/users\/1"}],"replies":[{"embeddable":true,"href":"https:\/\/ortodontapoznan.net\/index.php\/wp-json\/wp\/v2\/comments?post=16"}],"version-history":[{"count":2,"href":"https:\/\/ortodontapoznan.net\/index.php\/wp-json\/wp\/v2\/pages\/16\/revisions"}],"predecessor-version":[{"id":118,"href":"https:\/\/ortodontapoznan.net\/index.php\/wp-json\/wp\/v2\/pages\/16\/revisions\/118"}],"up":[{"embeddable":true,"href":"https:\/\/ortodontapoznan.net\/index.php\/wp-json\/wp\/v2\/pages\/14"}],"wp:attachment":[{"href":"https:\/\/ortodontapoznan.net\/index.php\/wp-json\/wp\/v2\/media?parent=16"}],"curies":[{"name":"wp","href":"https:\/\/api.w.org\/{rel}","templated":true}]}}